{"id":3104,"date":"2020-03-04T18:45:33","date_gmt":"2020-03-04T18:45:33","guid":{"rendered":"https:\/\/surftrainingadventures.com\/contact\/"},"modified":"2023-08-04T23:03:17","modified_gmt":"2023-08-04T23:03:17","slug":"contact","status":"publish","type":"page","link":"https:\/\/surftrainingadventures.com\/fr\/contact\/","title":{"rendered":"Contact"},"content":{"rendered":"<p>[et_pb_section fb_built=\u00a0\u00bb1&Prime; admin_label=\u00a0\u00bbHero Sektion\u00a0\u00bb _builder_version=\u00a0\u00bb4.21.0&Prime; _module_preset=\u00a0\u00bbc032c871-fcff-4d9b-93e1-1931523395a3&Prime; background_enable_color=\u00a0\u00bboff\u00a0\u00bb background_image=\u00a0\u00bbhttps:\/\/surftrainingadventures.com\/wp-content\/uploads\/2023\/07\/Design-ohne-Titel-2-11.jpg\u00a0\u00bb background_last_edited=\u00a0\u00bbon|phone\u00a0\u00bb global_colors_info=\u00a0\u00bb{}\u00a0\u00bb][et_pb_row _builder_version=\u00a0\u00bb4.16&Prime; _module_preset=\u00a0\u00bb_initial\u00a0\u00bb global_colors_info=\u00a0\u00bb{}\u00a0\u00bb][et_pb_column type=\u00a0\u00bb4_4&Prime; _builder_version=\u00a0\u00bb4.16&Prime; global_colors_info=\u00a0\u00bb{}\u00a0\u00bb][et_pb_text _builder_version=\u00a0\u00bb4.21.0&Prime; _module_preset=\u00a0\u00bb2d5ca0c2-69d6-4e50-8e7b-50fb8e8cfad1&Prime; header_text_color=\u00a0\u00bb#000000&Prime; header_text_color_tablet=\u00a0\u00bb#000000&Prime; header_text_color_phone=\u00a0\u00bb#000000&Prime; header_text_color_last_edited=\u00a0\u00bbon|phone\u00a0\u00bb global_colors_info=\u00a0\u00bb{}\u00a0\u00bb]<\/p>\n<h1>Contact<\/h1>\n<p>[\/et_pb_text][\/et_pb_column][\/et_pb_row][\/et_pb_section][et_pb_section fb_built=\u00a0\u00bb1&Prime; admin_label=\u00a0\u00bbIntro Sektion\u00a0\u00bb _builder_version=\u00a0\u00bb4.16&Prime; _module_preset=\u00a0\u00bb_initial\u00a0\u00bb global_colors_info=\u00a0\u00bb{}\u00a0\u00bb][et_pb_row _builder_version=\u00a0\u00bb4.16&Prime; _module_preset=\u00a0\u00bb699a1a14-aa99-453a-ab2e-46d49b6bbd5e\u00a0\u00bb global_colors_info=\u00a0\u00bb{}\u00a0\u00bb][et_pb_column type=\u00a0\u00bb4_4&Prime; _builder_version=\u00a0\u00bb4.16&Prime; global_colors_info=\u00a0\u00bb{}\u00a0\u00bb][et_pb_text content_tablet=\u00a0\u00bb<\/p>\n<p style=%22text-align: center;%22>Tu es int\u00e9ress\u00e9(e) par l&rsquo;un de nos Surf Pilates Training &amp; Adventure camps et tu as encore des questions avant de r\u00e9server ?<\/p>\n<p style=%22text-align: center;%22>Ou tu as besoin d&rsquo;aide pour r\u00e9server ?<\/p>\n<p style=%22text-align: center;%22>Tu veux plus d&rsquo;informations sur nos camps d&rsquo;entra\u00eenement ?<\/p>\n<p style=%22text-align: center;%22>Tu souhaites un coaching Surf Pilates individuel et priv\u00e9 et tu veux te renseigner sur la disponibilit\u00e9 ?<\/p>\n<p style=%22text-align: center;%22>Vous \u00eates une entreprise \/ une marque et vous \u00eates int\u00e9ress\u00e9(e) par une collaboration ?<\/p>\n<p style=%22text-align: center;%22>Ou tu veux simplement nous donner un feedback ?<\/p>\n<p style=%22text-align: center;%22>Ecris-nous un message, nous sommes volontiers \u00e0 ta disposition. Nous te contacterons dans les 24 heures.<\/p>\n<p>\u00a0\u00bb content_phone=\u00a0\u00bb<\/p>\n<p style=%22text-align: center;%22>Tu es int\u00e9ress\u00e9(e) par l&rsquo;un de nos Surf Pilates Training &amp; Adventure camps et tu as encore des questions avant de r\u00e9server ?<\/p>\n<p style=%22text-align: center;%22>Ou tu as besoin d&rsquo;aide pour r\u00e9server ?<\/p>\n<p style=%22text-align: center;%22>Tu veux plus d&rsquo;informations sur nos camps d&rsquo;entra\u00eenement ?<\/p>\n<p style=%22text-align: center;%22>Tu souhaites un coaching Surf Pilates individuel et priv\u00e9 et tu veux te renseigner sur la disponibilit\u00e9 ?<\/p>\n<p style=%22text-align: center;%22>Vous \u00eates une entreprise \/ une marque et vous \u00eates int\u00e9ress\u00e9(e) par une collaboration ?<\/p>\n<p style=%22text-align: center;%22>Ou tu veux simplement nous donner un feedback ?<\/p>\n<p style=%22text-align: center;%22>Ecris-nous un message, nous sommes volontiers \u00e0 ta disposition. Nous te contacterons dans les 24 heures.<\/p>\n<p>\u00a0\u00bb content_last_edited=\u00a0\u00bbon|phone\u00a0\u00bb _builder_version=\u00a0\u00bb4.21.0&Prime; _module_preset=\u00a0\u00bbdefault\u00a0\u00bb text_font_size=\u00a0\u00bb21px\u00a0\u00bb hover_enabled=\u00a0\u00bb0&Prime; text_font_size_tablet=\u00a0\u00bb21px\u00a0\u00bb text_font_size_phone=\u00a0\u00bb21px\u00a0\u00bb global_colors_info=\u00a0\u00bb{}\u00a0\u00bb sticky_enabled=\u00a0\u00bb0&Prime;]<\/p>\n<p style=\"text-align: center;\">Tu es int\u00e9ress\u00e9(e) par l&rsquo;un de nos Surf Pilates Training &amp; Adventure camps et tu as encore des questions avant de r\u00e9server ?<\/p>\n<p style=\"text-align: center;\">Ou tu as besoin d&rsquo;aide pour r\u00e9server ?<\/p>\n<p style=\"text-align: center;\">Tu veux plus d&rsquo;informations sur nos camps d&rsquo;entra\u00eenement ?<\/p>\n<p style=\"text-align: center;\">Tu souhaites un coaching Surf Pilates individuel et priv\u00e9 et tu veux te renseigner sur la disponibilit\u00e9 ?<\/p>\n<p style=\"text-align: center;\">Vous \u00eates une entreprise \/ une marque et vous \u00eates int\u00e9ress\u00e9(e) par une collaboration ?<\/p>\n<p style=\"text-align: center;\">Ou tu veux simplement nous donner un feedback ?<\/p>\n<p style=\"text-align: center;\">Ecris-nous un message, nous sommes volontiers \u00e0 ta disposition. Nous te contacterons dans les 24 heures.<\/p>\n<p>[\/et_pb_text][et_pb_contact_form captcha=\u00a0\u00bboff\u00a0\u00bb email=\u00a0\u00bbcampslifp@gmail.com\u00a0\u00bb submit_button_text=\u00a0\u00bbEnvoyer un message\u00a0\u00bb submit_button_text_tablet=\u00a0\u00bbEnvoyer un message\u00a0\u00bb submit_button_text_phone=\u00a0\u00bbEnvoyer un message\u00a0\u00bb submit_button_text_last_edited=\u00a0\u00bbon|phone\u00a0\u00bb _builder_version=\u00a0\u00bb4.21.0&Prime; _unique_id=\u00a0\u00bb48839459-1953-450c-a516-8894d7989329&Prime; form_field_background_color=\u00a0\u00bb#FAF5C1&Prime; form_field_font=\u00a0\u00bbQuicksand Light|300|||||||\u00a0\u00bb button_text_color=\u00a0\u00bb#FAF5C1&Prime; button_border_color=\u00a0\u00bb#FAF5C1&Prime; form_field_background_color_tablet=\u00a0\u00bb#FAF5C1&Prime; form_field_background_color_phone=\u00a0\u00bb#FAF5C1&Prime; form_field_background_color_last_edited=\u00a0\u00bbon|phone\u00a0\u00bb form_field_font_tablet=\u00a0\u00bbQuicksand Light|300|||||||\u00a0\u00bb form_field_font_phone=\u00a0\u00bbQuicksand Light|300|||||||\u00a0\u00bb form_field_font_last_edited=\u00a0\u00bbon|phone\u00a0\u00bb button_text_color_tablet=\u00a0\u00bb#FAF5C1&Prime; button_text_color_phone=\u00a0\u00bb#FAF5C1&Prime; button_text_color_last_edited=\u00a0\u00bbon|desktop\u00a0\u00bb button_border_color_tablet=\u00a0\u00bb#FAF5C1&Prime; button_border_color_phone=\u00a0\u00bb#FAF5C1&Prime; button_border_color_last_edited=\u00a0\u00bbon|phone\u00a0\u00bb global_colors_info=\u00a0\u00bb{}\u00a0\u00bb][et_pb_contact_field field_id=\u00a0\u00bbName\u00a0\u00bb field_title=\u00a0\u00bbPr\u00e9nom et nom de famille\u00a0\u00bb _builder_version=\u00a0\u00bb4.16&Prime; global_colors_info=\u00a0\u00bb{}\u00a0\u00bb button_text_size__hover_enabled=\u00a0\u00bboff\u00a0\u00bb button_one_text_size__hover_enabled=\u00a0\u00bboff\u00a0\u00bb button_two_text_size__hover_enabled=\u00a0\u00bboff\u00a0\u00bb button_text_color__hover_enabled=\u00a0\u00bboff\u00a0\u00bb button_one_text_color__hover_enabled=\u00a0\u00bboff\u00a0\u00bb button_two_text_color__hover_enabled=\u00a0\u00bboff\u00a0\u00bb button_border_width__hover_enabled=\u00a0\u00bboff\u00a0\u00bb button_one_border_width__hover_enabled=\u00a0\u00bboff\u00a0\u00bb button_two_border_width__hover_enabled=\u00a0\u00bboff\u00a0\u00bb button_border_color__hover_enabled=\u00a0\u00bboff\u00a0\u00bb button_one_border_color__hover_enabled=\u00a0\u00bboff\u00a0\u00bb button_two_border_color__hover_enabled=\u00a0\u00bboff\u00a0\u00bb button_border_radius__hover_enabled=\u00a0\u00bboff\u00a0\u00bb button_one_border_radius__hover_enabled=\u00a0\u00bboff\u00a0\u00bb button_two_border_radius__hover_enabled=\u00a0\u00bboff\u00a0\u00bb button_letter_spacing__hover_enabled=\u00a0\u00bboff\u00a0\u00bb button_one_letter_spacing__hover_enabled=\u00a0\u00bboff\u00a0\u00bb button_two_letter_spacing__hover_enabled=\u00a0\u00bboff\u00a0\u00bb button_bg_color__hover_enabled=\u00a0\u00bboff\u00a0\u00bb button_one_bg_color__hover_enabled=\u00a0\u00bboff\u00a0\u00bb button_two_bg_color__hover_enabled=\u00a0\u00bboff\u00a0\u00bb][\/et_pb_contact_field][et_pb_contact_field field_id=\u00a0\u00bbEmail\u00a0\u00bb field_title=\u00a0\u00bbAdresse \u00e9lectronique\u00a0\u00bb field_type=\u00a0\u00bbemail\u00a0\u00bb _builder_version=\u00a0\u00bb4.16&Prime; global_colors_info=\u00a0\u00bb{}\u00a0\u00bb button_text_size__hover_enabled=\u00a0\u00bboff\u00a0\u00bb button_one_text_size__hover_enabled=\u00a0\u00bboff\u00a0\u00bb button_two_text_size__hover_enabled=\u00a0\u00bboff\u00a0\u00bb button_text_color__hover_enabled=\u00a0\u00bboff\u00a0\u00bb button_one_text_color__hover_enabled=\u00a0\u00bboff\u00a0\u00bb button_two_text_color__hover_enabled=\u00a0\u00bboff\u00a0\u00bb button_border_width__hover_enabled=\u00a0\u00bboff\u00a0\u00bb button_one_border_width__hover_enabled=\u00a0\u00bboff\u00a0\u00bb button_two_border_width__hover_enabled=\u00a0\u00bboff\u00a0\u00bb button_border_color__hover_enabled=\u00a0\u00bboff\u00a0\u00bb button_one_border_color__hover_enabled=\u00a0\u00bboff\u00a0\u00bb button_two_border_color__hover_enabled=\u00a0\u00bboff\u00a0\u00bb button_border_radius__hover_enabled=\u00a0\u00bboff\u00a0\u00bb button_one_border_radius__hover_enabled=\u00a0\u00bboff\u00a0\u00bb button_two_border_radius__hover_enabled=\u00a0\u00bboff\u00a0\u00bb button_letter_spacing__hover_enabled=\u00a0\u00bboff\u00a0\u00bb button_one_letter_spacing__hover_enabled=\u00a0\u00bboff\u00a0\u00bb button_two_letter_spacing__hover_enabled=\u00a0\u00bboff\u00a0\u00bb button_bg_color__hover_enabled=\u00a0\u00bboff\u00a0\u00bb button_one_bg_color__hover_enabled=\u00a0\u00bboff\u00a0\u00bb button_two_bg_color__hover_enabled=\u00a0\u00bboff\u00a0\u00bb][\/et_pb_contact_field][et_pb_contact_field field_id=\u00a0\u00bbnachricht\u00a0\u00bb field_title=\u00a0\u00bbMessage\u00a0\u00bb field_type=\u00a0\u00bbtext\u00a0\u00bb fullwidth_field=\u00a0\u00bbon\u00a0\u00bb _builder_version=\u00a0\u00bb4.16&Prime; global_colors_info=\u00a0\u00bb{}\u00a0\u00bb button_text_size__hover_enabled=\u00a0\u00bboff\u00a0\u00bb button_one_text_size__hover_enabled=\u00a0\u00bboff\u00a0\u00bb button_two_text_size__hover_enabled=\u00a0\u00bboff\u00a0\u00bb button_text_color__hover_enabled=\u00a0\u00bboff\u00a0\u00bb button_one_text_color__hover_enabled=\u00a0\u00bboff\u00a0\u00bb button_two_text_color__hover_enabled=\u00a0\u00bboff\u00a0\u00bb button_border_width__hover_enabled=\u00a0\u00bboff\u00a0\u00bb button_one_border_width__hover_enabled=\u00a0\u00bboff\u00a0\u00bb button_two_border_width__hover_enabled=\u00a0\u00bboff\u00a0\u00bb button_border_color__hover_enabled=\u00a0\u00bboff\u00a0\u00bb button_one_border_color__hover_enabled=\u00a0\u00bboff\u00a0\u00bb button_two_border_color__hover_enabled=\u00a0\u00bboff\u00a0\u00bb button_border_radius__hover_enabled=\u00a0\u00bboff\u00a0\u00bb button_one_border_radius__hover_enabled=\u00a0\u00bboff\u00a0\u00bb button_two_border_radius__hover_enabled=\u00a0\u00bboff\u00a0\u00bb button_letter_spacing__hover_enabled=\u00a0\u00bboff\u00a0\u00bb button_one_letter_spacing__hover_enabled=\u00a0\u00bboff\u00a0\u00bb button_two_letter_spacing__hover_enabled=\u00a0\u00bboff\u00a0\u00bb button_bg_color__hover_enabled=\u00a0\u00bboff\u00a0\u00bb button_one_bg_color__hover_enabled=\u00a0\u00bboff\u00a0\u00bb button_two_bg_color__hover_enabled=\u00a0\u00bboff\u00a0\u00bb][\/et_pb_contact_field][et_pb_contact_field field_id=\u00a0\u00bbdatenschutz\u00a0\u00bb field_title=\u00a0\u00bbNote sur la protection des donn\u00e9es\u00a0\u00bb field_type=\u00a0\u00bbcheckbox\u00a0\u00bb checkbox_options=\u00a0\u00bb%91{%22value%22:%22Je confirme avoir pris connaissance de la d\u00e9claration de protection des donn\u00e9es.  %22,%22checked%22:0,%22dragID%22:-1,%22link_url%22:%22https:\\\/\\\/surftrainingadventures.com\\\/datenschutz\\\/%22,%22link_text%22:%22%22}%93&Prime; fullwidth_field=\u00a0\u00bbon\u00a0\u00bb _builder_version=\u00a0\u00bb4.21.0&Prime; global_colors_info=\u00a0\u00bb{}\u00a0\u00bb button_text_size__hover_enabled=\u00a0\u00bboff\u00a0\u00bb button_one_text_size__hover_enabled=\u00a0\u00bboff\u00a0\u00bb button_two_text_size__hover_enabled=\u00a0\u00bboff\u00a0\u00bb button_text_color__hover_enabled=\u00a0\u00bboff\u00a0\u00bb button_one_text_color__hover_enabled=\u00a0\u00bboff\u00a0\u00bb button_two_text_color__hover_enabled=\u00a0\u00bboff\u00a0\u00bb button_border_width__hover_enabled=\u00a0\u00bboff\u00a0\u00bb button_one_border_width__hover_enabled=\u00a0\u00bboff\u00a0\u00bb button_two_border_width__hover_enabled=\u00a0\u00bboff\u00a0\u00bb button_border_color__hover_enabled=\u00a0\u00bboff\u00a0\u00bb button_one_border_color__hover_enabled=\u00a0\u00bboff\u00a0\u00bb button_two_border_color__hover_enabled=\u00a0\u00bboff\u00a0\u00bb button_border_radius__hover_enabled=\u00a0\u00bboff\u00a0\u00bb button_one_border_radius__hover_enabled=\u00a0\u00bboff\u00a0\u00bb button_two_border_radius__hover_enabled=\u00a0\u00bboff\u00a0\u00bb button_letter_spacing__hover_enabled=\u00a0\u00bboff\u00a0\u00bb button_one_letter_spacing__hover_enabled=\u00a0\u00bboff\u00a0\u00bb button_two_letter_spacing__hover_enabled=\u00a0\u00bboff\u00a0\u00bb button_bg_color__hover_enabled=\u00a0\u00bboff\u00a0\u00bb button_one_bg_color__hover_enabled=\u00a0\u00bboff\u00a0\u00bb button_two_bg_color__hover_enabled=\u00a0\u00bboff\u00a0\u00bb][\/et_pb_contact_field][\/et_pb_contact_form][\/et_pb_column][\/et_pb_row][\/et_pb_section][et_pb_section fb_built=\u00a0\u00bb1&Prime; _builder_version=\u00a0\u00bb4.16.0&Prime; background_color=\u00a0\u00bb#E5E3E0&Prime; background_enable_image=\u00a0\u00bboff\u00a0\u00bb min_height=\u00a0\u00bb37px\u00a0\u00bb custom_padding=\u00a0\u00bb0px||0px||false|false\u00a0\u00bb custom_padding_tablet=\u00a0\u00bb30px||0px||false|false\u00a0\u00bb custom_padding_phone=\u00a0\u00bb30px||0px||false|false\u00a0\u00bb background_last_edited=\u00a0\u00bbon|phone\u00a0\u00bb global_module=\u00a0\u00bb1683&Prime; saved_tabs=\u00a0\u00bball\u00a0\u00bb global_colors_info=\u00a0\u00bb{}\u00a0\u00bb][et_pb_row _builder_version=\u00a0\u00bb4.16&Prime; custom_padding=\u00a0\u00bb0px||0px||false|false\u00a0\u00bb custom_padding_tablet=\u00a0\u00bb0px||0px||false|false\u00a0\u00bb global_colors_info=\u00a0\u00bb{}\u00a0\u00bb][et_pb_column type=\u00a0\u00bb4_4&Prime; _builder_version=\u00a0\u00bb4.16&Prime; global_colors_info=\u00a0\u00bb{}\u00a0\u00bb][et_pb_social_media_follow _builder_version=\u00a0\u00bb4.21.0&Prime; width_tablet=\u00a0\u00bb100%\u00a0\u00bb width_phone=\u00a0\u00bb\u00a0\u00bb width_last_edited=\u00a0\u00bbon|tablet\u00a0\u00bb custom_margin=\u00a0\u00bb||0px||false|false\u00a0\u00bb custom_margin_tablet=\u00a0\u00bb||-3px||false|false\u00a0\u00bb custom_margin_phone=\u00a0\u00bb\u00a0\u00bb custom_margin_last_edited=\u00a0\u00bbon|tablet\u00a0\u00bb text_orientation_tablet=\u00a0\u00bbcenter\u00a0\u00bb text_orientation_phone=\u00a0\u00bb\u00a0\u00bb text_orientation_last_edited=\u00a0\u00bbon|tablet\u00a0\u00bb locked=\u00a0\u00bboff\u00a0\u00bb global_colors_info=\u00a0\u00bb{}\u00a0\u00bb][et_pb_social_media_follow_network social_network=\u00a0\u00bbfacebook\u00a0\u00bb url=\u00a0\u00bbhttps:\/\/www.facebook.com\/LetitflowPilates\u00a0\u00bb _builder_version=\u00a0\u00bb4.21.0&Prime; background_color=\u00a0\u00bb#3b5998&Prime; global_colors_info=\u00a0\u00bb{}\u00a0\u00bb follow_button=\u00a0\u00bboff\u00a0\u00bb url_new_window=\u00a0\u00bbon\u00a0\u00bb]facebook[\/et_pb_social_media_follow_network][et_pb_social_media_follow_network social_network=\u00a0\u00bbinstagram\u00a0\u00bb url=\u00a0\u00bbhttps:\/\/www.instagram.com\/letitflow_pilates_for_surfer\/\u00a0\u00bb _builder_version=\u00a0\u00bb4.21.0&Prime; background_color=\u00a0\u00bb#ea2c59&Prime; global_colors_info=\u00a0\u00bb{}\u00a0\u00bb follow_button=\u00a0\u00bboff\u00a0\u00bb url_new_window=\u00a0\u00bbon\u00a0\u00bb]instagram[\/et_pb_social_media_follow_network][et_pb_social_media_follow_network social_network=\u00a0\u00bblinkedin\u00a0\u00bb url=\u00a0\u00bbhttps:\/\/www.linkedin.com\/in\/feichtinger-myriam\/\u00a0\u00bb _builder_version=\u00a0\u00bb4.21.0&Prime; background_color=\u00a0\u00bb#007bb6&Prime; global_colors_info=\u00a0\u00bb{}\u00a0\u00bb follow_button=\u00a0\u00bboff\u00a0\u00bb url_new_window=\u00a0\u00bbon\u00a0\u00bb]linkedin[\/et_pb_social_media_follow_network][\/et_pb_social_media_follow][\/et_pb_column][\/et_pb_row][\/et_pb_section]<\/p>\n","protected":false},"excerpt":{"rendered":"<p>ContactTu es int\u00e9ress\u00e9(e) par l&rsquo;un de nos Surf Pilates Training &amp; Adventure camps et tu as encore des questions avant de r\u00e9server ? Ou tu as besoin d&rsquo;aide pour r\u00e9server ? Tu veux plus d&rsquo;informations sur nos camps d&rsquo;entra\u00eenement ? Tu souhaites un coaching Surf Pilates individuel et priv\u00e9 et tu veux te renseigner sur [&hellip;]<\/p>\n","protected":false},"author":1,"featured_media":0,"parent":0,"menu_order":0,"comment_status":"closed","ping_status":"closed","template":"","meta":{"_et_pb_use_builder":"on","_et_pb_old_content":"","_et_gb_content_width":"","footnotes":""},"class_list":["post-3104","page","type-page","status-publish","hentry"],"yoast_head":"<!-- This site is optimized with the Yoast SEO plugin v26.8 - https:\/\/yoast.com\/product\/yoast-seo-wordpress\/ -->\n<title>Contact - Surftrainingadventures<\/title>\n<meta name=\"robots\" content=\"index, follow, max-snippet:-1, max-image-preview:large, max-video-preview:-1\" \/>\n<link rel=\"canonical\" href=\"https:\/\/surftrainingadventures.com\/fr\/contact\/\" \/>\n<meta property=\"og:locale\" content=\"fr_FR\" \/>\n<meta property=\"og:type\" content=\"article\" \/>\n<meta property=\"og:title\" content=\"Contact - Surftrainingadventures\" \/>\n<meta property=\"og:description\" content=\"ContactTu es int\u00e9ress\u00e9(e) par l&#039;un de nos Surf Pilates Training &amp; Adventure camps et tu as encore des questions avant de r\u00e9server ? Ou tu as besoin d&#039;aide pour r\u00e9server ? Tu veux plus d&#039;informations sur nos camps d&#039;entra\u00eenement ? Tu souhaites un coaching Surf Pilates individuel et priv\u00e9 et tu veux te renseigner sur [&hellip;]\" \/>\n<meta property=\"og:url\" content=\"https:\/\/surftrainingadventures.com\/fr\/contact\/\" \/>\n<meta property=\"og:site_name\" content=\"Surftrainingadventures\" \/>\n<meta property=\"article:modified_time\" content=\"2023-08-04T23:03:17+00:00\" \/>\n<meta name=\"twitter:card\" content=\"summary_large_image\" \/>\n<meta name=\"twitter:label1\" content=\"Dur\u00e9e de lecture estim\u00e9e\" \/>\n\t<meta name=\"twitter:data1\" content=\"8 minutes\" \/>\n<script type=\"application\/ld+json\" class=\"yoast-schema-graph\">{\"@context\":\"https:\/\/schema.org\",\"@graph\":[{\"@type\":\"WebPage\",\"@id\":\"https:\/\/surftrainingadventures.com\/fr\/contact\/\",\"url\":\"https:\/\/surftrainingadventures.com\/fr\/contact\/\",\"name\":\"Contact - Surftrainingadventures\",\"isPartOf\":{\"@id\":\"https:\/\/surftrainingadventures.com\/fr\/#website\"},\"datePublished\":\"2020-03-04T18:45:33+00:00\",\"dateModified\":\"2023-08-04T23:03:17+00:00\",\"breadcrumb\":{\"@id\":\"https:\/\/surftrainingadventures.com\/fr\/contact\/#breadcrumb\"},\"inLanguage\":\"fr-FR\",\"potentialAction\":[{\"@type\":\"ReadAction\",\"target\":[\"https:\/\/surftrainingadventures.com\/fr\/contact\/\"]}]},{\"@type\":\"BreadcrumbList\",\"@id\":\"https:\/\/surftrainingadventures.com\/fr\/contact\/#breadcrumb\",\"itemListElement\":[{\"@type\":\"ListItem\",\"position\":1,\"name\":\"Startseite\",\"item\":\"https:\/\/surftrainingadventures.com\/fr\/home\/\"},{\"@type\":\"ListItem\",\"position\":2,\"name\":\"Contact\"}]},{\"@type\":\"WebSite\",\"@id\":\"https:\/\/surftrainingadventures.com\/fr\/#website\",\"url\":\"https:\/\/surftrainingadventures.com\/fr\/\",\"name\":\"Surftrainingadventures\",\"description\":\"Surf Training camps\",\"potentialAction\":[{\"@type\":\"SearchAction\",\"target\":{\"@type\":\"EntryPoint\",\"urlTemplate\":\"https:\/\/surftrainingadventures.com\/fr\/?s={search_term_string}\"},\"query-input\":{\"@type\":\"PropertyValueSpecification\",\"valueRequired\":true,\"valueName\":\"search_term_string\"}}],\"inLanguage\":\"fr-FR\"}]}<\/script>\n<!-- \/ Yoast SEO plugin. -->","yoast_head_json":{"title":"Contact - Surftrainingadventures","robots":{"index":"index","follow":"follow","max-snippet":"max-snippet:-1","max-image-preview":"max-image-preview:large","max-video-preview":"max-video-preview:-1"},"canonical":"https:\/\/surftrainingadventures.com\/fr\/contact\/","og_locale":"fr_FR","og_type":"article","og_title":"Contact - Surftrainingadventures","og_description":"ContactTu es int\u00e9ress\u00e9(e) par l'un de nos Surf Pilates Training &amp; Adventure camps et tu as encore des questions avant de r\u00e9server ? Ou tu as besoin d'aide pour r\u00e9server ? Tu veux plus d'informations sur nos camps d'entra\u00eenement ? Tu souhaites un coaching Surf Pilates individuel et priv\u00e9 et tu veux te renseigner sur [&hellip;]","og_url":"https:\/\/surftrainingadventures.com\/fr\/contact\/","og_site_name":"Surftrainingadventures","article_modified_time":"2023-08-04T23:03:17+00:00","twitter_card":"summary_large_image","twitter_misc":{"Dur\u00e9e de lecture estim\u00e9e":"8 minutes"},"schema":{"@context":"https:\/\/schema.org","@graph":[{"@type":"WebPage","@id":"https:\/\/surftrainingadventures.com\/fr\/contact\/","url":"https:\/\/surftrainingadventures.com\/fr\/contact\/","name":"Contact - Surftrainingadventures","isPartOf":{"@id":"https:\/\/surftrainingadventures.com\/fr\/#website"},"datePublished":"2020-03-04T18:45:33+00:00","dateModified":"2023-08-04T23:03:17+00:00","breadcrumb":{"@id":"https:\/\/surftrainingadventures.com\/fr\/contact\/#breadcrumb"},"inLanguage":"fr-FR","potentialAction":[{"@type":"ReadAction","target":["https:\/\/surftrainingadventures.com\/fr\/contact\/"]}]},{"@type":"BreadcrumbList","@id":"https:\/\/surftrainingadventures.com\/fr\/contact\/#breadcrumb","itemListElement":[{"@type":"ListItem","position":1,"name":"Startseite","item":"https:\/\/surftrainingadventures.com\/fr\/home\/"},{"@type":"ListItem","position":2,"name":"Contact"}]},{"@type":"WebSite","@id":"https:\/\/surftrainingadventures.com\/fr\/#website","url":"https:\/\/surftrainingadventures.com\/fr\/","name":"Surftrainingadventures","description":"Surf Training camps","potentialAction":[{"@type":"SearchAction","target":{"@type":"EntryPoint","urlTemplate":"https:\/\/surftrainingadventures.com\/fr\/?s={search_term_string}"},"query-input":{"@type":"PropertyValueSpecification","valueRequired":true,"valueName":"search_term_string"}}],"inLanguage":"fr-FR"}]}},"_links":{"self":[{"href":"https:\/\/surftrainingadventures.com\/fr\/wp-json\/wp\/v2\/pages\/3104","targetHints":{"allow":["GET"]}}],"collection":[{"href":"https:\/\/surftrainingadventures.com\/fr\/wp-json\/wp\/v2\/pages"}],"about":[{"href":"https:\/\/surftrainingadventures.com\/fr\/wp-json\/wp\/v2\/types\/page"}],"author":[{"embeddable":true,"href":"https:\/\/surftrainingadventures.com\/fr\/wp-json\/wp\/v2\/users\/1"}],"replies":[{"embeddable":true,"href":"https:\/\/surftrainingadventures.com\/fr\/wp-json\/wp\/v2\/comments?post=3104"}],"version-history":[{"count":4,"href":"https:\/\/surftrainingadventures.com\/fr\/wp-json\/wp\/v2\/pages\/3104\/revisions"}],"predecessor-version":[{"id":3355,"href":"https:\/\/surftrainingadventures.com\/fr\/wp-json\/wp\/v2\/pages\/3104\/revisions\/3355"}],"wp:attachment":[{"href":"https:\/\/surftrainingadventures.com\/fr\/wp-json\/wp\/v2\/media?parent=3104"}],"curies":[{"name":"wp","href":"https:\/\/api.w.org\/{rel}","templated":true}]}}