{"id":3093,"date":"2020-03-03T12:00:32","date_gmt":"2020-03-03T12:00:32","guid":{"rendered":"https:\/\/surftrainingadventures.com\/mentions-legales\/"},"modified":"2023-08-04T13:23:51","modified_gmt":"2023-08-04T13:23:51","slug":"mentions-legales","status":"publish","type":"page","link":"https:\/\/surftrainingadventures.com\/fr\/mentions-legales\/","title":{"rendered":"Mentions l\u00e9gales"},"content":{"rendered":"<p>[et_pb_section fb_built=\u00a0\u00bb1&Prime; admin_label=\u00a0\u00bbIntro Sektion\u00a0\u00bb _builder_version=\u00a0\u00bb4.21.0&Prime; _module_preset=\u00a0\u00bb_initial\u00a0\u00bb background_color=\u00a0\u00bb#E5E3E0&Prime; global_colors_info=\u00a0\u00bb{}\u00a0\u00bb][et_pb_row _builder_version=\u00a0\u00bb4.16&Prime; _module_preset=\u00a0\u00bb7307906e-ed01-4e9d-82a2-1b97bca50aec\u00a0\u00bb global_colors_info=\u00a0\u00bb{}\u00a0\u00bb][et_pb_column type=\u00a0\u00bb4_4&Prime; _builder_version=\u00a0\u00bb4.16&Prime; _module_preset=\u00a0\u00bbdefault\u00a0\u00bb global_colors_info=\u00a0\u00bb{}\u00a0\u00bb][et_pb_text _builder_version=\u00a0\u00bb4.21.0&Prime; _module_preset=\u00a0\u00bbdefault\u00a0\u00bb header_5_font=\u00a0\u00bbQuicksand Medium||||||||\u00a0\u00bb hover_enabled=\u00a0\u00bb0&Prime; header_5_font_size_tablet=\u00a0\u00bb\u00a0\u00bb header_5_font_size_phone=\u00a0\u00bb20px\u00a0\u00bb header_5_font_size_last_edited=\u00a0\u00bbon|phone\u00a0\u00bb global_colors_info=\u00a0\u00bb{}\u00a0\u00bb sticky_enabled=\u00a0\u00bb0&Prime; content_last_edited=\u00a0\u00bbon|phone\u00a0\u00bb content_tablet=\u00a0\u00bb<\/p>\n<h5>IMPRESSUM<\/h5>\n<p>\u00a0\u00bb content_phone=\u00a0\u00bb<\/p>\n<h5>IMPRESSUM<\/h5>\n<p>\u00ab\u00a0]<\/p>\n<h5>IMPRESSUM<\/h5>\n<p>[\/et_pb_text][\/et_pb_column][\/et_pb_row][et_pb_row _builder_version=\u00a0\u00bb4.16&Prime; _module_preset=\u00a0\u00bb7307906e-ed01-4e9d-82a2-1b97bca50aec\u00a0\u00bb global_colors_info=\u00a0\u00bb{}\u00a0\u00bb][et_pb_column type=\u00a0\u00bb4_4&Prime; _builder_version=\u00a0\u00bb4.16&Prime; _module_preset=\u00a0\u00bbdefault\u00a0\u00bb global_colors_info=\u00a0\u00bb{}\u00a0\u00bb][et_pb_text content_tablet=\u00a0\u00bb<\/p>\n<div>\n<div>\n<div>\n<h4>Dienstanbieter<\/h4>\n<\/div>\n<\/div>\n<div>\n<p><span>Letitflow Pilates<br \/><\/span>CH \/ Schweiz<br \/><a href=%22http:\/\/www.letitflow-pilates.com%22>www.letitflow-pilates.com<\/a><\/p>\n<p>\u00a0<\/p>\n<\/div>\n<\/div>\n<div>\n<div>\n<div>\n<h4 class=%22et_pb_module_header et-fb-editable-element et-fb-editable-element__editing%22 data-shortcode-id=%220.1.0.0-1606318003215%22 data-quickaccess-id=%22header%22 contenteditable=%22true%22>Kontakt<\/h4>\n<\/div>\n<\/div>\n<div>\n<p>E-Mail: <a href=%22mailto:letitflowpilates@gmail.com%22>letitflowpilates@gmail.com<\/a><\/p>\n<p>\u00a0<\/p>\n<\/div>\n<\/div>\n<div>\n<div>\n<h4 class=%22et_pb_module_header et-fb-editable-element et-fb-editable-element__editing%22 data-shortcode-id=%220.2.0.0-1606318003246%22 data-quickaccess-id=%22header%22 contenteditable=%22true%22>Social media und andere Onlinepr\u00e4senzen<\/h4>\n<\/div>\n<div>\n<p>Dieses Impressum gilt auch f\u00fcr die folgenden Social-Media-Pr\u00e4senzen und Onlineprofile:<\/p>\n<p><a href=%22https:\/\/www.instagram.com\/letitflow_pilates\/%22>https:\/\/www.instagram.com\/letitflow_pilates_for_surfer<\/a><\/p>\n<p>\u00a0<\/p>\n<\/div>\n<\/div>\n<div>\n<div>\n<h4 class=%22et_pb_module_header et-fb-editable-element et-fb-editable-element__editing%22 data-shortcode-id=%220.2.0.0-1606318003246%22 data-quickaccess-id=%22header%22 contenteditable=%22true%22>Haftungs- und Schutzrechtshinweise<\/h4>\n<\/div>\n<div>\n<p><strong>Haftungsausschluss<\/strong><span>: Die Inhalte dieses Onlineangebotes wurden sorgf\u00e4ltig und nach unserem aktuellen Kenntnisstand erstellt, dienen jedoch nur der Information und entfalten keine rechtlich bindende Wirkung, sofern es sich nicht um gesetzlich verpflichtende Informationen (z.B. das Impressum, die Datenschutzerkl\u00e4rung, AGB oder verpflichtende Belehrungen von Verbrauchern) handelt. Wir behalten uns vor, die Inhalte vollst\u00e4ndig oder teilweise zu \u00e4ndern oder zu l\u00f6schen, soweit vertragliche Verpflichtungen unber\u00fchrt bleiben. Alle Angebote sind freibleibend und unverbindlich.<\/span><\/p>\n<p>\u00a0<\/p>\n<\/div>\n<\/div>\n<div>\n<div>\n<div>\n<h4 class=%22et_pb_module_header et-fb-editable-element et-fb-editable-element__editing%22 data-shortcode-id=%220.2.0.0-1606318003246%22 data-quickaccess-id=%22header%22 contenteditable=%22true%22>Haftung f\u00fcr Links<\/h4>\n<\/div>\n<\/div>\n<div>\n<p><strong>Links auf fremde Webseiten<\/strong><span>: Inhalte fremder Webseiten, auf die wir direkt oder indirekt verweisen, liegen au\u00dferhalb unseres Verantwortungsbereiches und machen wir uns nicht zu Eigen. F\u00fcr alle Inhalte und insbesondere f\u00fcr Sch\u00e4den, die aus der Nutzung der in den verlinkten Webseiten aufrufbaren Informationen entstehen, haftet allein der Anbieter der verlinkten Webseiten.<\/span><\/p>\n<p>\u00a0<\/p>\n<\/div>\n<\/div>\n<div>\n<div>\n<h4 class=%22et_pb_module_header et-fb-editable-element et-fb-editable-element__editing%22 data-shortcode-id=%220.2.0.0-1606318003246%22 data-quickaccess-id=%22header%22 contenteditable=%22true%22>Urheberrechte und Markenrechte<\/h4>\n<\/div>\n<div>\n<p>Alle auf dieser Website dargestellten Inhalte, wie Texte, Fotografien, Grafiken, Marken und Warenzeichen sind durch die jeweiligen Schutzrechte (Urheberrechte, Markenrechte) gesch\u00fctzt. Die Verwendung, Vervielf\u00e4ltigung usw. unterliegen unseren Rechten oder den Rechten der jeweiligen Urheber bzw. Rechteverwalter.<\/p>\n<p><strong>Bildnachweise<\/strong><\/p>\n<p>Bildquellen und Urheberrechtshinweise:<\/p>\n<p><a href=%22https:\/\/unsplash.com\/%22>https:\/\/unsplash.com<\/a><\/p>\n<p><a href=%22https:\/\/canva.com\/%22>https:\/\/canva.com<\/a><\/p>\n<p><a href=%22https:\/\/datenschutz-generator.de\/?l=de%22>Quelle: Datenschutz-Generator.de von Dr. Thomas Schwenke<\/a><\/p>\n<\/div>\n<\/div>\n<p>\u00a0\u00bb content_phone=\u00a0\u00bb<\/p>\n<div>\n<div>\n<div>\n<h4>Dienstanbieter<\/h4>\n<\/div>\n<\/div>\n<div>\n<p><span>Letitflow Pilates<br \/><\/span>CH \/ Schweiz<br \/><a href=%22http:\/\/www.letitflow-pilates.com%22>www.letitflow-pilates.com<\/a><\/p>\n<p>\u00a0<\/p>\n<\/div>\n<\/div>\n<div>\n<div>\n<div>\n<h4 class=%22et_pb_module_header et-fb-editable-element et-fb-editable-element__editing%22 data-shortcode-id=%220.1.0.0-1606318003215%22 data-quickaccess-id=%22header%22 contenteditable=%22true%22>Kontakt<\/h4>\n<\/div>\n<\/div>\n<div>\n<p>E-Mail: <a href=%22mailto:letitflowpilates@gmail.com%22>letitflowpilates@gmail.com<\/a><\/p>\n<p>\u00a0<\/p>\n<\/div>\n<\/div>\n<div>\n<div>\n<h4 class=%22et_pb_module_header et-fb-editable-element et-fb-editable-element__editing%22 data-shortcode-id=%220.2.0.0-1606318003246%22 data-quickaccess-id=%22header%22 contenteditable=%22true%22>Social media und andere Onlinepr\u00e4senzen<\/h4>\n<\/div>\n<div>\n<p>Dieses Impressum gilt auch f\u00fcr die folgenden Social-Media-Pr\u00e4senzen und Onlineprofile:<\/p>\n<p><a href=%22https:\/\/www.instagram.com\/letitflow_pilates\/%22>https:\/\/www.instagram.com\/letitflow_pilates_for_surfer<\/a><\/p>\n<p>\u00a0<\/p>\n<\/div>\n<\/div>\n<div>\n<div>\n<h4 class=%22et_pb_module_header et-fb-editable-element et-fb-editable-element__editing%22 data-shortcode-id=%220.2.0.0-1606318003246%22 data-quickaccess-id=%22header%22 contenteditable=%22true%22>Haftungs- und Schutzrechtshinweise<\/h4>\n<\/div>\n<div>\n<p><strong>Haftungsausschluss<\/strong><span>: Die Inhalte dieses Onlineangebotes wurden sorgf\u00e4ltig und nach unserem aktuellen Kenntnisstand erstellt, dienen jedoch nur der Information und entfalten keine rechtlich bindende Wirkung, sofern es sich nicht um gesetzlich verpflichtende Informationen (z.B. das Impressum, die Datenschutzerkl\u00e4rung, AGB oder verpflichtende Belehrungen von Verbrauchern) handelt. Wir behalten uns vor, die Inhalte vollst\u00e4ndig oder teilweise zu \u00e4ndern oder zu l\u00f6schen, soweit vertragliche Verpflichtungen unber\u00fchrt bleiben. Alle Angebote sind freibleibend und unverbindlich.<\/span><\/p>\n<p>\u00a0<\/p>\n<\/div>\n<\/div>\n<div>\n<div>\n<div>\n<h4 class=%22et_pb_module_header et-fb-editable-element et-fb-editable-element__editing%22 data-shortcode-id=%220.2.0.0-1606318003246%22 data-quickaccess-id=%22header%22 contenteditable=%22true%22>Haftung f\u00fcr Links<\/h4>\n<\/div>\n<\/div>\n<div>\n<p><strong>Links auf fremde Webseiten<\/strong><span>: Inhalte fremder Webseiten, auf die wir direkt oder indirekt verweisen, liegen au\u00dferhalb unseres Verantwortungsbereiches und machen wir uns nicht zu Eigen. F\u00fcr alle Inhalte und insbesondere f\u00fcr Sch\u00e4den, die aus der Nutzung der in den verlinkten Webseiten aufrufbaren Informationen entstehen, haftet allein der Anbieter der verlinkten Webseiten.<\/span><\/p>\n<p>\u00a0<\/p>\n<\/div>\n<\/div>\n<div>\n<div>\n<h4 class=%22et_pb_module_header et-fb-editable-element et-fb-editable-element__editing%22 data-shortcode-id=%220.2.0.0-1606318003246%22 data-quickaccess-id=%22header%22 contenteditable=%22true%22>Urheberrechte und Markenrechte<\/h4>\n<\/div>\n<div>\n<p>Alle auf dieser Website dargestellten Inhalte, wie Texte, Fotografien, Grafiken, Marken und Warenzeichen sind durch die jeweiligen Schutzrechte (Urheberrechte, Markenrechte) gesch\u00fctzt. Die Verwendung, Vervielf\u00e4ltigung usw. unterliegen unseren Rechten oder den Rechten der jeweiligen Urheber bzw. Rechteverwalter.<\/p>\n<p><strong>Bildnachweise<\/strong><\/p>\n<p>Bildquellen und Urheberrechtshinweise:<\/p>\n<p><a href=%22https:\/\/unsplash.com\/%22>https:\/\/unsplash.com<\/a><\/p>\n<p><a href=%22https:\/\/canva.com\/%22>https:\/\/canva.com<\/a><\/p>\n<p><a href=%22https:\/\/datenschutz-generator.de\/?l=de%22>Quelle: Datenschutz-Generator.de von Dr. Thomas Schwenke<\/a><\/p>\n<\/div>\n<\/div>\n<p>\u00a0\u00bb content_last_edited=\u00a0\u00bbon|phone\u00a0\u00bb _builder_version=\u00a0\u00bb4.21.0&Prime; _module_preset=\u00a0\u00bbdefault\u00a0\u00bb text_font=\u00a0\u00bbQuicksand Medium|300|||||||\u00a0\u00bb global_colors_info=\u00a0\u00bb{}\u00a0\u00bb]<\/p>\n<div>\n<div>\n<div>\n<h4>Fournisseur de services<\/h4>\n<\/div>\n<\/div>\n<div>\n<p><span>Letitflow Pilates<br \/><\/span>CH \/ Suisse<br \/><a href=\"http:\/\/www.letitflow-pilates.com\">www.letitflow-pilates.com<\/a><\/p>\n<p>&nbsp;<\/p>\n<\/div>\n<\/div>\n<div>\n<div>\n<div>\n<h4 class=\"et_pb_module_header et-fb-editable-element et-fb-editable-element__editing\" data-shortcode-id=\"0.1.0.0-1606318003215\" data-quickaccess-id=\"header\" contenteditable=\"true\">Contact<\/h4>\n<\/div>\n<\/div>\n<div>\n<p>Courrier \u00e9lectronique : <a href=\"mailto:letitflowpilates@gmail.com\">letitflowpilates@gmail.com<\/a><\/p>\n<p>&nbsp;<\/p>\n<\/div>\n<\/div>\n<div>\n<div>\n<h4 class=\"et_pb_module_header et-fb-editable-element et-fb-editable-element__editing\" data-shortcode-id=\"0.2.0.0-1606318003246\" data-quickaccess-id=\"header\" contenteditable=\"true\">M\u00e9dias sociaux et autres pr\u00e9sences en ligne<\/h4>\n<\/div>\n<div>\n<p>Ces mentions l\u00e9gales s&rsquo;appliquent \u00e9galement aux pr\u00e9sences sur les m\u00e9dias sociaux et aux profils en ligne suivants :<\/p>\n<p><a href=\"https:\/\/www.instagram.com\/letitflow_pilates\/\">https:\/\/www.instagram.com\/letitflow_pilates_for_surfer<\/a><\/p>\n<p>&nbsp;<\/p>\n<\/div>\n<\/div>\n<div>\n<div>\n<h4 class=\"et_pb_module_header et-fb-editable-element et-fb-editable-element__editing\" data-shortcode-id=\"0.2.0.0-1606318003246\" data-quickaccess-id=\"header\" contenteditable=\"true\">Informations sur la responsabilit\u00e9 et les droits de propri\u00e9t\u00e9 intellectuelle<\/h4>\n<\/div>\n<div>\n<p><strong>Clause de non-responsabilit\u00e9<\/strong><span>Les contenus de cette offre en ligne ont \u00e9t\u00e9 \u00e9labor\u00e9s avec soin et selon l&rsquo;\u00e9tat actuel de nos connaissances, mais ils ne servent qu&rsquo;\u00e0 l&rsquo;information et n&rsquo;ont pas d&rsquo;effet juridiquement contraignant, sauf s&rsquo;il s&rsquo;agit d&rsquo;informations l\u00e9galement obligatoires (par ex. les mentions l\u00e9gales, la d\u00e9claration de protection des donn\u00e9es, les conditions g\u00e9n\u00e9rales de vente ou les instructions obligatoires des consommateurs). Nous nous r\u00e9servons le droit de modifier ou de supprimer tout ou partie des contenus, dans la mesure o\u00f9 les obligations contractuelles ne sont pas affect\u00e9es. Toutes les offres sont sans engagement et non contractuelles.<\/span><\/p>\n<p>&nbsp;<\/p>\n<\/div>\n<\/div>\n<div>\n<div>\n<div>\n<h4 class=\"et_pb_module_header et-fb-editable-element et-fb-editable-element__editing\" data-shortcode-id=\"0.2.0.0-1606318003246\" data-quickaccess-id=\"header\" contenteditable=\"true\">Responsabilit\u00e9 pour les liens<\/h4>\n<\/div>\n<\/div>\n<div>\n<p><strong>Liens vers d&rsquo;autres sites web<\/strong><span>Contenu des sites web \u00e9trangers auxquels nous renvoyons directement ou indirectement : ce contenu ne rel\u00e8ve pas de notre responsabilit\u00e9 et nous ne nous l&rsquo;approprions pas. Seul le fournisseur des pages web li\u00e9es est responsable de tous les contenus et en particulier des dommages r\u00e9sultant de l&rsquo;utilisation des informations pouvant \u00eatre appel\u00e9es dans les pages web li\u00e9es.<\/span><\/p>\n<p>&nbsp;<\/p>\n<\/div>\n<\/div>\n<div>\n<div>\n<h4 class=\"et_pb_module_header et-fb-editable-element et-fb-editable-element__editing\" data-shortcode-id=\"0.2.0.0-1606318003246\" data-quickaccess-id=\"header\" contenteditable=\"true\">Droits d&rsquo;auteur et droits des marques<\/h4>\n<\/div>\n<div>\n<p>Tous les contenus pr\u00e9sent\u00e9s sur ce site web, tels que les textes, les photographies, les graphiques, les marques et les marques d\u00e9pos\u00e9es sont prot\u00e9g\u00e9s par les droits de protection respectifs (droits d&rsquo;auteur, droits des marques). L&rsquo;utilisation, la reproduction, etc. sont soumises \u00e0 nos droits ou aux droits des auteurs ou gestionnaires de droits respectifs.<\/p>\n<p><strong>Cr\u00e9dits photographiques<\/strong><\/p>\n<p>Sources des images et informations sur les droits d&rsquo;auteur :<\/p>\n<p><a href=\"https:\/\/unsplash.com\/\">https:\/\/unsplash.com<\/a><\/p>\n<p><a href=\"https:\/\/canva.com\/\">https:\/\/canva.com<\/a><\/p>\n<p><a href=\"https:\/\/datenschutz-generator.de\/?l=de\">Source : Datenschutz-Generator.de de Dr. Thomas Schwenke<\/a><\/p>\n<\/div>\n<\/div>\n<p>[\/et_pb_text][\/et_pb_column][\/et_pb_row][\/et_pb_section][et_pb_section fb_built=\u00a0\u00bb1&Prime; _builder_version=\u00a0\u00bb4.16.0&Prime; background_color=\u00a0\u00bb#E5E3E0&Prime; background_enable_image=\u00a0\u00bboff\u00a0\u00bb min_height=\u00a0\u00bb37px\u00a0\u00bb custom_padding=\u00a0\u00bb0px||0px||false|false\u00a0\u00bb custom_padding_tablet=\u00a0\u00bb60px||0px||false|false\u00a0\u00bb custom_padding_phone=\u00a0\u00bb40px||0px||false|false\u00a0\u00bb background_last_edited=\u00a0\u00bbon|phone\u00a0\u00bb global_module=\u00a0\u00bb1683&Prime; saved_tabs=\u00a0\u00bball\u00a0\u00bb global_colors_info=\u00a0\u00bb{}\u00a0\u00bb][et_pb_row _builder_version=\u00a0\u00bb4.16&Prime; custom_padding=\u00a0\u00bb0px||0px||false|false\u00a0\u00bb custom_padding_tablet=\u00a0\u00bb0px||0px||false|false\u00a0\u00bb global_colors_info=\u00a0\u00bb{}\u00a0\u00bb][et_pb_column type=\u00a0\u00bb4_4&Prime; _builder_version=\u00a0\u00bb4.16&Prime; global_colors_info=\u00a0\u00bb{}\u00a0\u00bb][et_pb_social_media_follow _builder_version=\u00a0\u00bb4.21.0&Prime; width_tablet=\u00a0\u00bb100%\u00a0\u00bb width_phone=\u00a0\u00bb\u00a0\u00bb width_last_edited=\u00a0\u00bbon|tablet\u00a0\u00bb custom_margin=\u00a0\u00bb||0px||false|false\u00a0\u00bb custom_margin_tablet=\u00a0\u00bb||-3px||false|false\u00a0\u00bb custom_margin_phone=\u00a0\u00bb\u00a0\u00bb custom_margin_last_edited=\u00a0\u00bbon|tablet\u00a0\u00bb text_orientation_tablet=\u00a0\u00bbcenter\u00a0\u00bb text_orientation_phone=\u00a0\u00bb\u00a0\u00bb text_orientation_last_edited=\u00a0\u00bbon|tablet\u00a0\u00bb locked=\u00a0\u00bboff\u00a0\u00bb global_colors_info=\u00a0\u00bb{}\u00a0\u00bb][et_pb_social_media_follow_network social_network=\u00a0\u00bbfacebook\u00a0\u00bb url=\u00a0\u00bbhttps:\/\/www.facebook.com\/LetitflowPilates\u00a0\u00bb _builder_version=\u00a0\u00bb4.21.0&Prime; background_color=\u00a0\u00bb#3b5998&Prime; global_colors_info=\u00a0\u00bb{}\u00a0\u00bb follow_button=\u00a0\u00bboff\u00a0\u00bb url_new_window=\u00a0\u00bbon\u00a0\u00bb]facebook[\/et_pb_social_media_follow_network][et_pb_social_media_follow_network social_network=\u00a0\u00bbinstagram\u00a0\u00bb url=\u00a0\u00bbhttps:\/\/www.instagram.com\/letitflow_pilates_for_surfer\/\u00a0\u00bb _builder_version=\u00a0\u00bb4.21.0&Prime; background_color=\u00a0\u00bb#ea2c59&Prime; global_colors_info=\u00a0\u00bb{}\u00a0\u00bb follow_button=\u00a0\u00bboff\u00a0\u00bb url_new_window=\u00a0\u00bbon\u00a0\u00bb]instagram[\/et_pb_social_media_follow_network][et_pb_social_media_follow_network social_network=\u00a0\u00bblinkedin\u00a0\u00bb url=\u00a0\u00bbhttps:\/\/www.linkedin.com\/in\/feichtinger-myriam\/\u00a0\u00bb _builder_version=\u00a0\u00bb4.21.0&Prime; background_color=\u00a0\u00bb#007bb6&Prime; global_colors_info=\u00a0\u00bb{}\u00a0\u00bb follow_button=\u00a0\u00bboff\u00a0\u00bb url_new_window=\u00a0\u00bbon\u00a0\u00bb]linkedin[\/et_pb_social_media_follow_network][\/et_pb_social_media_follow][\/et_pb_column][\/et_pb_row][\/et_pb_section]<\/p>\n","protected":false},"excerpt":{"rendered":"<p>IMPRESSUM Fournisseur de services Letitflow PilatesCH \/ Suissewww.letitflow-pilates.com &nbsp; Contact Courrier \u00e9lectronique : letitflowpilates@gmail.com &nbsp; M\u00e9dias sociaux et autres pr\u00e9sences en ligne Ces mentions l\u00e9gales s&rsquo;appliquent \u00e9galement aux pr\u00e9sences sur les m\u00e9dias sociaux et aux profils en ligne suivants : https:\/\/www.instagram.com\/letitflow_pilates_for_surfer &nbsp; Informations sur la responsabilit\u00e9 et les droits de propri\u00e9t\u00e9 intellectuelle Clause de non-responsabilit\u00e9Les [&hellip;]<\/p>\n","protected":false},"author":1,"featured_media":0,"parent":0,"menu_order":0,"comment_status":"closed","ping_status":"closed","template":"","meta":{"_et_pb_use_builder":"on","_et_pb_old_content":"","_et_gb_content_width":"","footnotes":""},"class_list":["post-3093","page","type-page","status-publish","hentry"],"yoast_head":"<!-- This site is optimized with the Yoast SEO plugin v26.8 - https:\/\/yoast.com\/product\/yoast-seo-wordpress\/ -->\n<title>Mentions l\u00e9gales - Surftrainingadventures<\/title>\n<meta name=\"robots\" content=\"noindex, nofollow\" \/>\n<meta property=\"og:locale\" content=\"fr_FR\" \/>\n<meta property=\"og:type\" content=\"article\" \/>\n<meta property=\"og:title\" content=\"Mentions l\u00e9gales - Surftrainingadventures\" \/>\n<meta property=\"og:description\" content=\"IMPRESSUM Fournisseur de services Letitflow PilatesCH \/ Suissewww.letitflow-pilates.com &nbsp; Contact Courrier \u00e9lectronique : letitflowpilates@gmail.com &nbsp; M\u00e9dias sociaux et autres pr\u00e9sences en ligne Ces mentions l\u00e9gales s&#039;appliquent \u00e9galement aux pr\u00e9sences sur les m\u00e9dias sociaux et aux profils en ligne suivants : https:\/\/www.instagram.com\/letitflow_pilates_for_surfer &nbsp; Informations sur la responsabilit\u00e9 et les droits de propri\u00e9t\u00e9 intellectuelle Clause de non-responsabilit\u00e9Les [&hellip;]\" \/>\n<meta property=\"og:url\" content=\"https:\/\/surftrainingadventures.com\/fr\/mentions-legales\/\" \/>\n<meta property=\"og:site_name\" content=\"Surftrainingadventures\" \/>\n<meta property=\"article:modified_time\" content=\"2023-08-04T13:23:51+00:00\" \/>\n<meta name=\"twitter:card\" content=\"summary_large_image\" \/>\n<meta name=\"twitter:label1\" content=\"Dur\u00e9e de lecture estim\u00e9e\" \/>\n\t<meta name=\"twitter:data1\" content=\"6 minutes\" \/>\n<script type=\"application\/ld+json\" class=\"yoast-schema-graph\">{\"@context\":\"https:\/\/schema.org\",\"@graph\":[{\"@type\":\"WebPage\",\"@id\":\"https:\/\/surftrainingadventures.com\/fr\/mentions-legales\/\",\"url\":\"https:\/\/surftrainingadventures.com\/fr\/mentions-legales\/\",\"name\":\"Mentions l\u00e9gales - Surftrainingadventures\",\"isPartOf\":{\"@id\":\"https:\/\/surftrainingadventures.com\/fr\/#website\"},\"datePublished\":\"2020-03-03T12:00:32+00:00\",\"dateModified\":\"2023-08-04T13:23:51+00:00\",\"breadcrumb\":{\"@id\":\"https:\/\/surftrainingadventures.com\/fr\/mentions-legales\/#breadcrumb\"},\"inLanguage\":\"fr-FR\",\"potentialAction\":[{\"@type\":\"ReadAction\",\"target\":[\"https:\/\/surftrainingadventures.com\/fr\/mentions-legales\/\"]}]},{\"@type\":\"BreadcrumbList\",\"@id\":\"https:\/\/surftrainingadventures.com\/fr\/mentions-legales\/#breadcrumb\",\"itemListElement\":[{\"@type\":\"ListItem\",\"position\":1,\"name\":\"Startseite\",\"item\":\"https:\/\/surftrainingadventures.com\/fr\/home\/\"},{\"@type\":\"ListItem\",\"position\":2,\"name\":\"Mentions l\u00e9gales\"}]},{\"@type\":\"WebSite\",\"@id\":\"https:\/\/surftrainingadventures.com\/fr\/#website\",\"url\":\"https:\/\/surftrainingadventures.com\/fr\/\",\"name\":\"Surftrainingadventures\",\"description\":\"Surf Training camps\",\"potentialAction\":[{\"@type\":\"SearchAction\",\"target\":{\"@type\":\"EntryPoint\",\"urlTemplate\":\"https:\/\/surftrainingadventures.com\/fr\/?s={search_term_string}\"},\"query-input\":{\"@type\":\"PropertyValueSpecification\",\"valueRequired\":true,\"valueName\":\"search_term_string\"}}],\"inLanguage\":\"fr-FR\"}]}<\/script>\n<!-- \/ Yoast SEO plugin. -->","yoast_head_json":{"title":"Mentions l\u00e9gales - Surftrainingadventures","robots":{"index":"noindex","follow":"nofollow"},"og_locale":"fr_FR","og_type":"article","og_title":"Mentions l\u00e9gales - Surftrainingadventures","og_description":"IMPRESSUM Fournisseur de services Letitflow PilatesCH \/ Suissewww.letitflow-pilates.com &nbsp; Contact Courrier \u00e9lectronique : letitflowpilates@gmail.com &nbsp; M\u00e9dias sociaux et autres pr\u00e9sences en ligne Ces mentions l\u00e9gales s'appliquent \u00e9galement aux pr\u00e9sences sur les m\u00e9dias sociaux et aux profils en ligne suivants : https:\/\/www.instagram.com\/letitflow_pilates_for_surfer &nbsp; Informations sur la responsabilit\u00e9 et les droits de propri\u00e9t\u00e9 intellectuelle Clause de non-responsabilit\u00e9Les [&hellip;]","og_url":"https:\/\/surftrainingadventures.com\/fr\/mentions-legales\/","og_site_name":"Surftrainingadventures","article_modified_time":"2023-08-04T13:23:51+00:00","twitter_card":"summary_large_image","twitter_misc":{"Dur\u00e9e de lecture estim\u00e9e":"6 minutes"},"schema":{"@context":"https:\/\/schema.org","@graph":[{"@type":"WebPage","@id":"https:\/\/surftrainingadventures.com\/fr\/mentions-legales\/","url":"https:\/\/surftrainingadventures.com\/fr\/mentions-legales\/","name":"Mentions l\u00e9gales - Surftrainingadventures","isPartOf":{"@id":"https:\/\/surftrainingadventures.com\/fr\/#website"},"datePublished":"2020-03-03T12:00:32+00:00","dateModified":"2023-08-04T13:23:51+00:00","breadcrumb":{"@id":"https:\/\/surftrainingadventures.com\/fr\/mentions-legales\/#breadcrumb"},"inLanguage":"fr-FR","potentialAction":[{"@type":"ReadAction","target":["https:\/\/surftrainingadventures.com\/fr\/mentions-legales\/"]}]},{"@type":"BreadcrumbList","@id":"https:\/\/surftrainingadventures.com\/fr\/mentions-legales\/#breadcrumb","itemListElement":[{"@type":"ListItem","position":1,"name":"Startseite","item":"https:\/\/surftrainingadventures.com\/fr\/home\/"},{"@type":"ListItem","position":2,"name":"Mentions l\u00e9gales"}]},{"@type":"WebSite","@id":"https:\/\/surftrainingadventures.com\/fr\/#website","url":"https:\/\/surftrainingadventures.com\/fr\/","name":"Surftrainingadventures","description":"Surf Training camps","potentialAction":[{"@type":"SearchAction","target":{"@type":"EntryPoint","urlTemplate":"https:\/\/surftrainingadventures.com\/fr\/?s={search_term_string}"},"query-input":{"@type":"PropertyValueSpecification","valueRequired":true,"valueName":"search_term_string"}}],"inLanguage":"fr-FR"}]}},"_links":{"self":[{"href":"https:\/\/surftrainingadventures.com\/fr\/wp-json\/wp\/v2\/pages\/3093","targetHints":{"allow":["GET"]}}],"collection":[{"href":"https:\/\/surftrainingadventures.com\/fr\/wp-json\/wp\/v2\/pages"}],"about":[{"href":"https:\/\/surftrainingadventures.com\/fr\/wp-json\/wp\/v2\/types\/page"}],"author":[{"embeddable":true,"href":"https:\/\/surftrainingadventures.com\/fr\/wp-json\/wp\/v2\/users\/1"}],"replies":[{"embeddable":true,"href":"https:\/\/surftrainingadventures.com\/fr\/wp-json\/wp\/v2\/comments?post=3093"}],"version-history":[{"count":2,"href":"https:\/\/surftrainingadventures.com\/fr\/wp-json\/wp\/v2\/pages\/3093\/revisions"}],"predecessor-version":[{"id":3100,"href":"https:\/\/surftrainingadventures.com\/fr\/wp-json\/wp\/v2\/pages\/3093\/revisions\/3100"}],"wp:attachment":[{"href":"https:\/\/surftrainingadventures.com\/fr\/wp-json\/wp\/v2\/media?parent=3093"}],"curies":[{"name":"wp","href":"https:\/\/api.w.org\/{rel}","templated":true}]}}